{"id":3076,"date":"2025-02-28T17:56:30","date_gmt":"2025-02-28T17:56:30","guid":{"rendered":"https:\/\/pathfinder.iseclisboa.pt\/?page_id=3076"},"modified":"2025-02-28T21:07:16","modified_gmt":"2025-02-28T21:07:16","slug":"politica-de-cookies","status":"publish","type":"page","link":"https:\/\/pathfinder.iseclisboa.pt\/index.php\/politica-de-cookies\/","title":{"rendered":"Pol\u00edtica de Cookies\u200b"},"content":{"rendered":"\t\t<div data-elementor-type=\"wp-page\" data-elementor-id=\"3076\" class=\"elementor elementor-3076\">\n\t\t\t\t\t\t<section class=\"elementor-section elementor-top-section elementor-element elementor-element-5c127ac elementor-section-height-min-height elementor-section-content-top elementor-section-full_width elementor-section-height-default elementor-section-items-middle wpr-particle-no wpr-jarallax-no wpr-parallax-no wpr-sticky-section-no wpr-equal-height-no\" data-id=\"5c127ac\" data-element_type=\"section\" data-e-type=\"section\" data-settings=\"{&quot;background_background&quot;:&quot;classic&quot;}\">\n\t\t\t\t\t\t<div class=\"elementor-container elementor-column-gap-default\">\n\t\t\t\t\t<div class=\"elementor-column elementor-col-100 elementor-top-column elementor-element elementor-element-ff7b24f\" data-id=\"ff7b24f\" data-element_type=\"column\" data-e-type=\"column\">\n\t\t\t<div class=\"elementor-widget-wrap\">\n\t\t\t\t\t\t\t<\/div>\n\t\t<\/div>\n\t\t\t\t\t<\/div>\n\t\t<\/section>\n\t\t\t\t<section class=\"elementor-section elementor-top-section elementor-element elementor-element-a62d3a8 elementor-section-height-min-height elementor-section-content-middle elementor-section-boxed elementor-section-height-default elementor-section-items-middle wpr-particle-no wpr-jarallax-no wpr-parallax-no wpr-sticky-section-no wpr-equal-height-no\" data-id=\"a62d3a8\" data-element_type=\"section\" data-e-type=\"section\" id=\"programas\" data-settings=\"{&quot;background_background&quot;:&quot;classic&quot;}\">\n\t\t\t\t\t\t<div class=\"elementor-container elementor-column-gap-default\">\n\t\t\t\t\t<div class=\"elementor-column elementor-col-100 elementor-top-column elementor-element elementor-element-541ecc0\" data-id=\"541ecc0\" data-element_type=\"column\" data-e-type=\"column\">\n\t\t\t<div class=\"elementor-widget-wrap elementor-element-populated\">\n\t\t\t\t\t\t<section class=\"elementor-section elementor-inner-section elementor-element elementor-element-e71b0b6 elementor-section-boxed elementor-section-height-default elementor-section-height-default wpr-particle-no wpr-jarallax-no wpr-parallax-no wpr-sticky-section-no wpr-equal-height-no\" data-id=\"e71b0b6\" data-element_type=\"section\" data-e-type=\"section\">\n\t\t\t\t\t\t<div class=\"elementor-container elementor-column-gap-default\">\n\t\t\t\t\t<div class=\"elementor-column elementor-col-50 elementor-inner-column elementor-element elementor-element-e8dfdcb\" data-id=\"e8dfdcb\" data-element_type=\"column\" data-e-type=\"column\">\n\t\t\t<div class=\"elementor-widget-wrap elementor-element-populated\">\n\t\t\t\t\t\t<div class=\"elementor-element elementor-element-8719691 elementor-widget-divider--view-line elementor-widget elementor-widget-divider\" data-id=\"8719691\" data-element_type=\"widget\" data-e-type=\"widget\" data-widget_type=\"divider.default\">\n\t\t\t\t<div class=\"elementor-widget-container\">\n\t\t\t\t\t\t\t<div class=\"elementor-divider\">\n\t\t\t<span class=\"elementor-divider-separator\">\n\t\t\t\t\t\t<\/span>\n\t\t<\/div>\n\t\t\t\t\t\t<\/div>\n\t\t\t\t<\/div>\n\t\t\t\t\t<\/div>\n\t\t<\/div>\n\t\t\t\t<div class=\"elementor-column elementor-col-50 elementor-inner-column elementor-element elementor-element-e6e0cd1\" data-id=\"e6e0cd1\" data-element_type=\"column\" data-e-type=\"column\">\n\t\t\t<div class=\"elementor-widget-wrap elementor-element-populated\">\n\t\t\t\t\t\t<div class=\"elementor-element elementor-element-346f4aa elementor-widget elementor-widget-heading\" data-id=\"346f4aa\" data-element_type=\"widget\" data-e-type=\"widget\" data-widget_type=\"heading.default\">\n\t\t\t\t<div class=\"elementor-widget-container\">\n\t\t\t\t\t<h2 class=\"elementor-heading-title elementor-size-default\">pathfinder<\/h2>\t\t\t\t<\/div>\n\t\t\t\t<\/div>\n\t\t\t\t\t<\/div>\n\t\t<\/div>\n\t\t\t\t\t<\/div>\n\t\t<\/section>\n\t\t\t\t<div class=\"elementor-element elementor-element-fdfcea5 elementor-widget elementor-widget-heading\" data-id=\"fdfcea5\" data-element_type=\"widget\" data-e-type=\"widget\" data-widget_type=\"heading.default\">\n\t\t\t\t<div class=\"elementor-widget-container\">\n\t\t\t\t\t<h2 class=\"elementor-heading-title elementor-size-default\">Pol\u00edtica de Cookies<\/h2>\t\t\t\t<\/div>\n\t\t\t\t<\/div>\n\t\t\t\t<div class=\"elementor-element elementor-element-9b14249 elementor-widget elementor-widget-heading\" data-id=\"9b14249\" data-element_type=\"widget\" data-e-type=\"widget\" data-widget_type=\"heading.default\">\n\t\t\t\t<div class=\"elementor-widget-container\">\n\t\t\t\t\t<h2 class=\"elementor-heading-title elementor-size-default\">O que s\u00e3o cookies?<\/h2>\t\t\t\t<\/div>\n\t\t\t\t<\/div>\n\t\t\t\t<div class=\"elementor-element elementor-element-3c7c3d0 elementor-widget elementor-widget-text-editor\" data-id=\"3c7c3d0\" data-element_type=\"widget\" data-e-type=\"widget\" data-widget_type=\"text-editor.default\">\n\t\t\t\t<div class=\"elementor-widget-container\">\n\t\t\t\t\t\t\t\t\t<p>Os cookies s\u00e3o ficheiros que descarrega e guarda no seu computador, ou em qualquer outro dispositivo de armazenamento de dados, e que guardam informa\u00e7\u00f5es sobre a navega\u00e7\u00e3o do utilizador. Estes ficheiros s\u00e3o necess\u00e1rios para poder aceder a conte\u00fados e servi\u00e7os, bem como para facilitar a navega\u00e7\u00e3o.<\/p>\n<p>Informamo-lo que os cookies n\u00e3o danificam o seu equipamento e o facto de estarem ativos permitem identificar e solucionar poss\u00edveis erros que possam ser produzidos.<\/p>\n<p>A ativa\u00e7\u00e3o da utiliza\u00e7\u00e3o de cookies durante a navega\u00e7\u00e3o no nosso site Web \u00e9 completamente volunt\u00e1ria. Informamo-lo que se estiverem desativados, a navega\u00e7\u00e3o no nosso site Web pode n\u00e3o ser a ideal e algumas funcionalidades podem deixar de funcionar.<\/p>\t\t\t\t\t\t\t\t<\/div>\n\t\t\t\t<\/div>\n\t\t\t\t<div class=\"elementor-element elementor-element-ac941a6 elementor-widget elementor-widget-heading\" data-id=\"ac941a6\" data-element_type=\"widget\" data-e-type=\"widget\" data-widget_type=\"heading.default\">\n\t\t\t\t<div class=\"elementor-widget-container\">\n\t\t\t\t\t<h2 class=\"elementor-heading-title elementor-size-default\">Utiliza\u00e7\u00e3o de cookies<\/h2>\t\t\t\t<\/div>\n\t\t\t\t<\/div>\n\t\t\t\t<div class=\"elementor-element elementor-element-a4abef7 elementor-widget elementor-widget-text-editor\" data-id=\"a4abef7\" data-element_type=\"widget\" data-e-type=\"widget\" data-widget_type=\"text-editor.default\">\n\t\t\t\t<div class=\"elementor-widget-container\">\n\t\t\t\t\t\t\t\t\t<p>As informa\u00e7\u00f5es armazenadas nos cookies deste site Web ser\u00e3o tratadas com fins puramente estat\u00edsticos, para possibilitar o acesso a todos os conte\u00fados e fun\u00e7\u00f5es do site Web, bem como para melhorar e otimizar o site Web para o utilizador final.<\/p>\t\t\t\t\t\t\t\t<\/div>\n\t\t\t\t<\/div>\n\t\t\t\t<div class=\"elementor-element elementor-element-799315d elementor-widget elementor-widget-heading\" data-id=\"799315d\" data-element_type=\"widget\" data-e-type=\"widget\" data-widget_type=\"heading.default\">\n\t\t\t\t<div class=\"elementor-widget-container\">\n\t\t\t\t\t<h2 class=\"elementor-heading-title elementor-size-default\">Mecanismos para a desativa\u00e7\u00e3o dos cookies<\/h2>\t\t\t\t<\/div>\n\t\t\t\t<\/div>\n\t\t\t\t<div class=\"elementor-element elementor-element-9823d83 elementor-widget elementor-widget-text-editor\" data-id=\"9823d83\" data-element_type=\"widget\" data-e-type=\"widget\" data-widget_type=\"text-editor.default\">\n\t\t\t\t<div class=\"elementor-widget-container\">\n\t\t\t\t\t\t\t\t\t<p>Em qualquer momento pode restringir, bloquear ou desativar os cookies da p\u00e1gina Web no seu browser:<\/p><ul><li>Firefox:<span style=\"color: #46d6cd;\">\u00a0<a style=\"color: #46d6cd;\" href=\"https:\/\/support.mozilla.org\/pt-PT\/kb\/Activar%20e%20Desactivar%20cookies\" target=\"_blank\" rel=\"noopener\">LINK<\/a><\/span><\/li><li>Internet Explorer 7 e 8:<span style=\"color: #46d6cd;\">\u00a0<a style=\"color: #46d6cd;\" href=\"http:\/\/windows.microsoft.com\/pt-pt\/windows-vista\/block-or-allow-cookies\" target=\"_blank\" rel=\"noopener\">LINK<\/a><\/span><\/li><li>Internet Explorer 9+:\u00a0<span style=\"color: #46d6cd;\"><a style=\"color: #46d6cd;\" href=\"http:\/\/windows.microsoft.com\/pt-pt\/windows\/cookies-faq#1TC=windows-7\" target=\"_blank\" rel=\"noopener\">LINK<\/a><\/span><\/li><li>Google Chrome:\u00a0<span style=\"color: #46d6cd;\"><a style=\"color: #46d6cd;\" href=\"https:\/\/support.google.com\/chrome\/answer\/95647\" target=\"_blank\" rel=\"noopener\">LINK<\/a><\/span><\/li><li>Opera:<span style=\"color: #46d6cd;\">\u00a0<a style=\"color: #46d6cd;\" href=\"http:\/\/www.opera.com\/help\/tutorials\/security\/privacy\/\" target=\"_blank\" rel=\"noopener\">LINK<\/a><\/span><\/li><li>Safari em iOs:\u00a0<span style=\"color: #46d6cd;\"><a style=\"color: #46d6cd;\" href=\"http:\/\/support.apple.com\/kb\/ht1677?viewlocale=pt_PT\" target=\"_blank\" rel=\"noopener\">LINK<\/a><\/span><\/li><li>Safari em MacOs:\u00a0<span style=\"color: #46d6cd;\"><a style=\"color: #46d6cd;\" href=\"https:\/\/support.apple.com\/pt-pt\/guide\/safari\/sfri11471\/mac\" target=\"_blank\" rel=\"noopener\">LINK<\/a><\/span><\/li><\/ul><div>\u00a0<\/div><p>Relembramos que n\u00e3o poder\u00e1 utilizar determinadas fun\u00e7\u00f5es da nossa p\u00e1gina Web se os cookies n\u00e3o estiverem ativados.<\/p>\t\t\t\t\t\t\t\t<\/div>\n\t\t\t\t<\/div>\n\t\t\t\t\t<\/div>\n\t\t<\/div>\n\t\t\t\t\t<\/div>\n\t\t<\/section>\n\t\t\t\t<\/div>\n\t\t","protected":false},"excerpt":{"rendered":"<p>pathfinder Pol\u00edtica de Cookies O que s\u00e3o cookies? Os cookies s\u00e3o ficheiros que descarrega e guarda no seu computador, ou em qualquer outro dispositivo de armazenamento de dados, e que guardam informa\u00e7\u00f5es sobre a navega\u00e7\u00e3o do utilizador. Estes ficheiros s\u00e3o necess\u00e1rios para poder aceder a conte\u00fados e servi\u00e7os, bem como para facilitar a navega\u00e7\u00e3o. Informamo-lo que os cookies n\u00e3o danificam o seu equipamento e o facto de estarem ativos permitem identificar e solucionar poss\u00edveis erros que possam ser produzidos. A ativa\u00e7\u00e3o da utiliza\u00e7\u00e3o de cookies durante a navega\u00e7\u00e3o no nosso site Web \u00e9 completamente volunt\u00e1ria. Informamo-lo que se estiverem desativados, a navega\u00e7\u00e3o no nosso site Web pode n\u00e3o ser a ideal e algumas funcionalidades podem deixar de funcionar. Utiliza\u00e7\u00e3o de cookies As informa\u00e7\u00f5es armazenadas nos cookies deste site Web ser\u00e3o tratadas com fins puramente estat\u00edsticos, para possibilitar o acesso a todos os conte\u00fados e fun\u00e7\u00f5es do site Web, bem como para melhorar e otimizar o site Web para o utilizador final. Mecanismos para a desativa\u00e7\u00e3o dos cookies Em qualquer momento pode restringir, bloquear ou desativar os cookies da p\u00e1gina Web no seu browser: Firefox:\u00a0LINK Internet Explorer 7 e 8:\u00a0LINK Internet Explorer 9+:\u00a0LINK Google Chrome:\u00a0LINK Opera:\u00a0LINK Safari em iOs:\u00a0LINK Safari em MacOs:\u00a0LINK \u00a0 Relembramos que n\u00e3o poder\u00e1 utilizar determinadas fun\u00e7\u00f5es da nossa p\u00e1gina Web se os cookies n\u00e3o estiverem ativados.<\/p>\n","protected":false},"author":2,"featured_media":0,"parent":0,"menu_order":0,"comment_status":"closed","ping_status":"closed","template":"elementor_canvas","meta":{"footnotes":""},"class_list":["post-3076","page","type-page","status-publish","hentry"],"_links":{"self":[{"href":"https:\/\/pathfinder.iseclisboa.pt\/index.php\/wp-json\/wp\/v2\/pages\/3076","targetHints":{"allow":["GET"]}}],"collection":[{"href":"https:\/\/pathfinder.iseclisboa.pt\/index.php\/wp-json\/wp\/v2\/pages"}],"about":[{"href":"https:\/\/pathfinder.iseclisboa.pt\/index.php\/wp-json\/wp\/v2\/types\/page"}],"author":[{"embeddable":true,"href":"https:\/\/pathfinder.iseclisboa.pt\/index.php\/wp-json\/wp\/v2\/users\/2"}],"replies":[{"embeddable":true,"href":"https:\/\/pathfinder.iseclisboa.pt\/index.php\/wp-json\/wp\/v2\/comments?post=3076"}],"version-history":[{"count":0,"href":"https:\/\/pathfinder.iseclisboa.pt\/index.php\/wp-json\/wp\/v2\/pages\/3076\/revisions"}],"wp:attachment":[{"href":"https:\/\/pathfinder.iseclisboa.pt\/index.php\/wp-json\/wp\/v2\/media?parent=3076"}],"curies":[{"name":"wp","href":"https:\/\/api.w.org\/{rel}","templated":true}]}}