{"id":3026,"date":"2025-02-28T15:15:16","date_gmt":"2025-02-28T15:15:16","guid":{"rendered":"https:\/\/pathfinder.iseclisboa.pt\/?page_id=3026"},"modified":"2025-02-28T21:06:30","modified_gmt":"2025-02-28T21:06:30","slug":"politica-de-privacidade","status":"publish","type":"page","link":"https:\/\/pathfinder.iseclisboa.pt\/index.php\/politica-de-privacidade\/","title":{"rendered":"Pol\u00edtica de Privacidade\u200b"},"content":{"rendered":"\t\t<div data-elementor-type=\"wp-page\" data-elementor-id=\"3026\" class=\"elementor elementor-3026\">\n\t\t\t\t\t\t<section class=\"elementor-section elementor-top-section elementor-element elementor-element-5c127ac elementor-section-height-min-height elementor-section-content-top elementor-section-full_width elementor-section-height-default elementor-section-items-middle wpr-particle-no wpr-jarallax-no wpr-parallax-no wpr-sticky-section-no wpr-equal-height-no\" data-id=\"5c127ac\" data-element_type=\"section\" data-e-type=\"section\" data-settings=\"{&quot;background_background&quot;:&quot;classic&quot;}\">\n\t\t\t\t\t\t<div class=\"elementor-container elementor-column-gap-default\">\n\t\t\t\t\t<div class=\"elementor-column elementor-col-100 elementor-top-column elementor-element elementor-element-ff7b24f\" data-id=\"ff7b24f\" data-element_type=\"column\" data-e-type=\"column\">\n\t\t\t<div class=\"elementor-widget-wrap\">\n\t\t\t\t\t\t\t<\/div>\n\t\t<\/div>\n\t\t\t\t\t<\/div>\n\t\t<\/section>\n\t\t\t\t<section class=\"elementor-section elementor-top-section elementor-element elementor-element-a62d3a8 elementor-section-height-min-height elementor-section-content-middle elementor-section-boxed elementor-section-height-default elementor-section-items-middle wpr-particle-no wpr-jarallax-no wpr-parallax-no wpr-sticky-section-no wpr-equal-height-no\" data-id=\"a62d3a8\" data-element_type=\"section\" data-e-type=\"section\" id=\"programas\" data-settings=\"{&quot;background_background&quot;:&quot;classic&quot;}\">\n\t\t\t\t\t\t<div class=\"elementor-container elementor-column-gap-default\">\n\t\t\t\t\t<div class=\"elementor-column elementor-col-100 elementor-top-column elementor-element elementor-element-541ecc0\" data-id=\"541ecc0\" data-element_type=\"column\" data-e-type=\"column\">\n\t\t\t<div class=\"elementor-widget-wrap elementor-element-populated\">\n\t\t\t\t\t\t<section class=\"elementor-section elementor-inner-section elementor-element elementor-element-e71b0b6 elementor-section-boxed elementor-section-height-default elementor-section-height-default wpr-particle-no wpr-jarallax-no wpr-parallax-no wpr-sticky-section-no wpr-equal-height-no\" data-id=\"e71b0b6\" data-element_type=\"section\" data-e-type=\"section\">\n\t\t\t\t\t\t<div class=\"elementor-container elementor-column-gap-default\">\n\t\t\t\t\t<div class=\"elementor-column elementor-col-50 elementor-inner-column elementor-element elementor-element-e8dfdcb\" data-id=\"e8dfdcb\" data-element_type=\"column\" data-e-type=\"column\">\n\t\t\t<div class=\"elementor-widget-wrap elementor-element-populated\">\n\t\t\t\t\t\t<div class=\"elementor-element elementor-element-8719691 elementor-widget-divider--view-line elementor-widget elementor-widget-divider\" data-id=\"8719691\" data-element_type=\"widget\" data-e-type=\"widget\" data-widget_type=\"divider.default\">\n\t\t\t\t<div class=\"elementor-widget-container\">\n\t\t\t\t\t\t\t<div class=\"elementor-divider\">\n\t\t\t<span class=\"elementor-divider-separator\">\n\t\t\t\t\t\t<\/span>\n\t\t<\/div>\n\t\t\t\t\t\t<\/div>\n\t\t\t\t<\/div>\n\t\t\t\t\t<\/div>\n\t\t<\/div>\n\t\t\t\t<div class=\"elementor-column elementor-col-50 elementor-inner-column elementor-element elementor-element-e6e0cd1\" data-id=\"e6e0cd1\" data-element_type=\"column\" data-e-type=\"column\">\n\t\t\t<div class=\"elementor-widget-wrap elementor-element-populated\">\n\t\t\t\t\t\t<div class=\"elementor-element elementor-element-346f4aa elementor-widget elementor-widget-heading\" data-id=\"346f4aa\" data-element_type=\"widget\" data-e-type=\"widget\" data-widget_type=\"heading.default\">\n\t\t\t\t<div class=\"elementor-widget-container\">\n\t\t\t\t\t<h2 class=\"elementor-heading-title elementor-size-default\">pathfinder<\/h2>\t\t\t\t<\/div>\n\t\t\t\t<\/div>\n\t\t\t\t\t<\/div>\n\t\t<\/div>\n\t\t\t\t\t<\/div>\n\t\t<\/section>\n\t\t\t\t<div class=\"elementor-element elementor-element-fdfcea5 elementor-widget elementor-widget-heading\" data-id=\"fdfcea5\" data-element_type=\"widget\" data-e-type=\"widget\" data-widget_type=\"heading.default\">\n\t\t\t\t<div class=\"elementor-widget-container\">\n\t\t\t\t\t<h2 class=\"elementor-heading-title elementor-size-default\">Pol\u00edtica de Privacidade<\/h2>\t\t\t\t<\/div>\n\t\t\t\t<\/div>\n\t\t\t\t<div class=\"elementor-element elementor-element-7bd4281 elementor-widget elementor-widget-text-editor\" data-id=\"7bd4281\" data-element_type=\"widget\" data-e-type=\"widget\" data-widget_type=\"text-editor.default\">\n\t\t\t\t<div class=\"elementor-widget-container\">\n\t\t\t\t\t\t\t\t\t<p>A presente Pol\u00edtica de Privacidade tem como objectivo informar todos os titulares dos dados pessoais sobre a recolha, utiliza\u00e7\u00e3o e protec\u00e7\u00e3o de dados no \u00e2mbito do Projecto Pathfinder.<\/p>\n<p>O Projecto destina-se a alunos do 10.\u00ba, 11.\u00ba e 12.\u00ba anos e proporciona a oportunidade de vivenciar a experi\u00eancia de uma profiss\u00e3o, atrav\u00e9s de programas de 1 dia, 3 dias ou 1 semana. A pol\u00edtica abaixo descreve como os dados pessoais dos participantes s\u00e3o tratados.<\/p>\t\t\t\t\t\t\t\t<\/div>\n\t\t\t\t<\/div>\n\t\t\t\t<div class=\"elementor-element elementor-element-9b14249 elementor-widget elementor-widget-heading\" data-id=\"9b14249\" data-element_type=\"widget\" data-e-type=\"widget\" data-widget_type=\"heading.default\">\n\t\t\t\t<div class=\"elementor-widget-container\">\n\t\t\t\t\t<h2 class=\"elementor-heading-title elementor-size-default\">1. Identifica\u00e7\u00e3o do Respons\u00e1vel pelo Tratamento dos Dados<\/h2>\t\t\t\t<\/div>\n\t\t\t\t<\/div>\n\t\t\t\t<div class=\"elementor-element elementor-element-3c7c3d0 elementor-widget elementor-widget-text-editor\" data-id=\"3c7c3d0\" data-element_type=\"widget\" data-e-type=\"widget\" data-widget_type=\"text-editor.default\">\n\t\t\t\t<div class=\"elementor-widget-container\">\n\t\t\t\t\t\t\t\t\t<p>O REGULAMENTO (UE) 2016\/679 DO PARLAMENTO EUROPEU E DO CONSELHO de 27 de abril de 2016 (doravante designado como RGPD) entrou em vigor em 25 de maio de 2018, enfatizando a protec\u00e7\u00e3o das pessoas singulares relativamente ao tratamento de dados pessoais como um direito fundamental.<\/p><p>O Regulamento tem como \u201cobjectivo contribuir para a realiza\u00e7\u00e3o de um espa\u00e7o de liberdade, de seguran\u00e7a, de justi\u00e7a e de uni\u00e3o, por forma a garantir o progresso econ\u00f3mico e social, tendo em aten\u00e7\u00e3o o bem-estar das pessoas singulares.\u201d; (considerando (2) do RGPD).<\/p><p>\u201cTodas as pessoas t\u00eam direito \u00e0 protec\u00e7\u00e3o dos dados de car\u00e1cter pessoal que lhes digam respeito.\u201d; (considerando (1) do RGPD).<\/p><p>A Universitas \u2013 Cooperativa de Ensino Superior e Investiga\u00e7\u00e3o Cient\u00edfica, CRL, entidade instituidora do ISEC Lisboa, est\u00e1 comprometida em garantir a privacidade dos dados pessoais recolhidos no \u00e2mbito do Projecto Pathfinder.<\/p>\t\t\t\t\t\t\t\t<\/div>\n\t\t\t\t<\/div>\n\t\t\t\t<div class=\"elementor-element elementor-element-ac941a6 elementor-widget elementor-widget-heading\" data-id=\"ac941a6\" data-element_type=\"widget\" data-e-type=\"widget\" data-widget_type=\"heading.default\">\n\t\t\t\t<div class=\"elementor-widget-container\">\n\t\t\t\t\t<h2 class=\"elementor-heading-title elementor-size-default\">2. Dados Pessoais Recolhidos<\/h2>\t\t\t\t<\/div>\n\t\t\t\t<\/div>\n\t\t\t\t<div class=\"elementor-element elementor-element-a4abef7 elementor-widget elementor-widget-text-editor\" data-id=\"a4abef7\" data-element_type=\"widget\" data-e-type=\"widget\" data-widget_type=\"text-editor.default\">\n\t\t\t\t<div class=\"elementor-widget-container\">\n\t\t\t\t\t\t\t\t\t<p>Os dados pessoais recolhidos ao longo do processo de inscri\u00e7\u00e3o e participa\u00e7\u00e3o no Projecto s\u00e3o os seguintes:<\/p><ul><li><strong>Dados do(a) aluno(a) (menor de idade)<\/strong>:<ul><li>Nome completo;<\/li><li>E-mail;<\/li><li>N\u00famero de telem\u00f3vel;<\/li><\/ul><\/li><li><strong>Dados do(a) encarregado(a) de educa\u00e7\u00e3o (respons\u00e1vel legal)<\/strong>:<ul><li>Nome completo;<\/li><li>E-mail;<\/li><li>N\u00famero de telem\u00f3vel;<\/li><\/ul><\/li><li><strong>Dados dos contactos das empresas<\/strong>:<ul><li>Nome do respons\u00e1vel da empresa;<\/li><li>E-mail de contacto;<\/li><li>N\u00famero de telem\u00f3vel;<\/li><\/ul><\/li><li><strong>Dados dos contactos das escolas<\/strong>:<ul><li>Nome do respons\u00e1vel escolar;<\/li><li>E-mail de contacto;<\/li><li>N\u00famero de telem\u00f3vel;<\/li><\/ul><\/li><\/ul>\t\t\t\t\t\t\t\t<\/div>\n\t\t\t\t<\/div>\n\t\t\t\t<div class=\"elementor-element elementor-element-799315d elementor-widget elementor-widget-heading\" data-id=\"799315d\" data-element_type=\"widget\" data-e-type=\"widget\" data-widget_type=\"heading.default\">\n\t\t\t\t<div class=\"elementor-widget-container\">\n\t\t\t\t\t<h2 class=\"elementor-heading-title elementor-size-default\">3. Finalidade da Recolha de Dados<\/h2>\t\t\t\t<\/div>\n\t\t\t\t<\/div>\n\t\t\t\t<div class=\"elementor-element elementor-element-9823d83 elementor-widget elementor-widget-text-editor\" data-id=\"9823d83\" data-element_type=\"widget\" data-e-type=\"widget\" data-widget_type=\"text-editor.default\">\n\t\t\t\t<div class=\"elementor-widget-container\">\n\t\t\t\t\t\t\t\t\t<p>A recolha e tratamento dos dados pessoais t\u00eam como finalidades:<\/p><ul><li>Processar as inscri\u00e7\u00f5es no Projecto Pathfinder.<\/li><li>Estabelecer contacto com os participantes e encarregados de educa\u00e7\u00e3o para o agendamento das experi\u00eancias de <em>Job Shadowing<\/em>.<\/li><li>Garantir a organiza\u00e7\u00e3o log\u00edstica e a comunica\u00e7\u00e3o com as escolas e empresas envolvidas no Projecto.<\/li><li>Cumprir com as obriga\u00e7\u00f5es legais aplic\u00e1veis.<\/li><\/ul>\t\t\t\t\t\t\t\t<\/div>\n\t\t\t\t<\/div>\n\t\t\t\t<div class=\"elementor-element elementor-element-53a6016 elementor-widget elementor-widget-heading\" data-id=\"53a6016\" data-element_type=\"widget\" data-e-type=\"widget\" data-widget_type=\"heading.default\">\n\t\t\t\t<div class=\"elementor-widget-container\">\n\t\t\t\t\t<h2 class=\"elementor-heading-title elementor-size-default\">4. Base Legal para o Tratamento dos Dados<\/h2>\t\t\t\t<\/div>\n\t\t\t\t<\/div>\n\t\t\t\t<div class=\"elementor-element elementor-element-bf3e9ca elementor-widget elementor-widget-text-editor\" data-id=\"bf3e9ca\" data-element_type=\"widget\" data-e-type=\"widget\" data-widget_type=\"text-editor.default\">\n\t\t\t\t<div class=\"elementor-widget-container\">\n\t\t\t\t\t\t\t\t\t<p>Os dados pessoais ser\u00e3o tratados da seguinte forma:<\/p><ul><li>Consentimento expresso dos encarregados de educa\u00e7\u00e3o para a recolha e tratamento dos dados dos educandos.<\/li><li>Cumprimento de uma obriga\u00e7\u00e3o contratual, nomeadamente no que diz respeito \u00e0 organiza\u00e7\u00e3o e execu\u00e7\u00e3o do Projecto Pathfinder.<\/li><li>Cumprimento de obriga\u00e7\u00f5es legais, sempre que necess\u00e1rio.<\/li><\/ul>\t\t\t\t\t\t\t\t<\/div>\n\t\t\t\t<\/div>\n\t\t\t\t<div class=\"elementor-element elementor-element-2074c25 elementor-widget elementor-widget-heading\" data-id=\"2074c25\" data-element_type=\"widget\" data-e-type=\"widget\" data-widget_type=\"heading.default\">\n\t\t\t\t<div class=\"elementor-widget-container\">\n\t\t\t\t\t<h2 class=\"elementor-heading-title elementor-size-default\">5. Partilha de Dados Pessoais<\/h2>\t\t\t\t<\/div>\n\t\t\t\t<\/div>\n\t\t\t\t<div class=\"elementor-element elementor-element-3004227 elementor-widget elementor-widget-text-editor\" data-id=\"3004227\" data-element_type=\"widget\" data-e-type=\"widget\" data-widget_type=\"text-editor.default\">\n\t\t\t\t<div class=\"elementor-widget-container\">\n\t\t\t\t\t\t\t\t\t<p>Os dados pessoais recolhidos podem ser partilhados com:<\/p><ul><li>Empresas participantes no Projecto Pathfinder para a organiza\u00e7\u00e3o da experi\u00eancia.<\/li><li>Escolas, para facilitar o processo de inscri\u00e7\u00e3o e garantir a execu\u00e7\u00e3o do programa.<\/li><li>Autoridades competentes, quando exigido por lei ou por determina\u00e7\u00e3o judicial.<\/li><\/ul>\t\t\t\t\t\t\t\t<\/div>\n\t\t\t\t<\/div>\n\t\t\t\t<div class=\"elementor-element elementor-element-b400bfd elementor-widget elementor-widget-heading\" data-id=\"b400bfd\" data-element_type=\"widget\" data-e-type=\"widget\" data-widget_type=\"heading.default\">\n\t\t\t\t<div class=\"elementor-widget-container\">\n\t\t\t\t\t<h2 class=\"elementor-heading-title elementor-size-default\">6. Armazenamento e Seguran\u00e7a dos Dados<\/h2>\t\t\t\t<\/div>\n\t\t\t\t<\/div>\n\t\t\t\t<div class=\"elementor-element elementor-element-315f4e9 elementor-widget elementor-widget-text-editor\" data-id=\"315f4e9\" data-element_type=\"widget\" data-e-type=\"widget\" data-widget_type=\"text-editor.default\">\n\t\t\t\t<div class=\"elementor-widget-container\">\n\t\t\t\t\t\t\t\t\t<p>Os dados pessoais recolhidos podem ser partilhados com:<\/p><ul><li>Empresas participantes no Projecto Pathfinder para a organiza\u00e7\u00e3o da experi\u00eancia.<\/li><li>Escolas, para facilitar o processo de inscri\u00e7\u00e3o e garantir a execu\u00e7\u00e3o do programa.<\/li><li>Autoridades competentes, quando exigido por lei ou por determina\u00e7\u00e3o judicial.<\/li><\/ul>\t\t\t\t\t\t\t\t<\/div>\n\t\t\t\t<\/div>\n\t\t\t\t<div class=\"elementor-element elementor-element-f0e4d83 elementor-widget elementor-widget-heading\" data-id=\"f0e4d83\" data-element_type=\"widget\" data-e-type=\"widget\" data-widget_type=\"heading.default\">\n\t\t\t\t<div class=\"elementor-widget-container\">\n\t\t\t\t\t<h2 class=\"elementor-heading-title elementor-size-default\">7. Direitos dos Titulares dos Dados<\/h2>\t\t\t\t<\/div>\n\t\t\t\t<\/div>\n\t\t\t\t<div class=\"elementor-element elementor-element-52ccb64 elementor-widget elementor-widget-text-editor\" data-id=\"52ccb64\" data-element_type=\"widget\" data-e-type=\"widget\" data-widget_type=\"text-editor.default\">\n\t\t\t\t<div class=\"elementor-widget-container\">\n\t\t\t\t\t\t\t\t\t<p>Os participantes e respons\u00e1veis legais t\u00eam o direito de:<\/p><ul><li>Aceder aos seus dados pessoais.<\/li><li>Solicitar a rectifica\u00e7\u00e3o dos dados imprecisos ou incompletos.<\/li><li>Solicitar a elimina\u00e7\u00e3o dos dados pessoais, desde que n\u00e3o haja fundamento jur\u00eddico para a sua conserva\u00e7\u00e3o.<\/li><li>Solicitar a limita\u00e7\u00e3o do tratamento dos dados pessoais.<\/li><li>Retirar o consentimento dado para o tratamento dos dados a qualquer momento, sem que isso afecte a licitude do tratamento realizado antes da retirada do consentimento.<\/li><\/ul><p>\u00a0<\/p><p>Para exercer qualquer um desses direitos, os participantes e respons\u00e1veis legais devem entrar em contacto com a entidade respons\u00e1vel atrav\u00e9s dos meios de contacto fornecidos no ponto 10.<\/p>\t\t\t\t\t\t\t\t<\/div>\n\t\t\t\t<\/div>\n\t\t\t\t<div class=\"elementor-element elementor-element-3369d0d elementor-widget elementor-widget-heading\" data-id=\"3369d0d\" data-element_type=\"widget\" data-e-type=\"widget\" data-widget_type=\"heading.default\">\n\t\t\t\t<div class=\"elementor-widget-container\">\n\t\t\t\t\t<h2 class=\"elementor-heading-title elementor-size-default\">8. Transfer\u00eancia de Dados para Fora da Uni\u00e3o Europeia<\/h2>\t\t\t\t<\/div>\n\t\t\t\t<\/div>\n\t\t\t\t<div class=\"elementor-element elementor-element-48e50f8 elementor-widget elementor-widget-text-editor\" data-id=\"48e50f8\" data-element_type=\"widget\" data-e-type=\"widget\" data-widget_type=\"text-editor.default\">\n\t\t\t\t<div class=\"elementor-widget-container\">\n\t\t\t\t\t\t\t\t\t<p>Os dados pessoais n\u00e3o ser\u00e3o transferidos para fora da Uni\u00e3o Europeia, salvo se necess\u00e1rio para a execu\u00e7\u00e3o do programa e mediante a garantia de que s\u00e3o cumpridas todas as normas legais aplic\u00e1veis \u00e0 prote\u00e7\u00e3o de dados.<\/p>\t\t\t\t\t\t\t\t<\/div>\n\t\t\t\t<\/div>\n\t\t\t\t<div class=\"elementor-element elementor-element-3e3c2db elementor-widget elementor-widget-heading\" data-id=\"3e3c2db\" data-element_type=\"widget\" data-e-type=\"widget\" data-widget_type=\"heading.default\">\n\t\t\t\t<div class=\"elementor-widget-container\">\n\t\t\t\t\t<h2 class=\"elementor-heading-title elementor-size-default\">9. Altera\u00e7\u00f5es \u00e0 Pol\u00edtica de Privacidade<\/h2>\t\t\t\t<\/div>\n\t\t\t\t<\/div>\n\t\t\t\t<div class=\"elementor-element elementor-element-fceb8be elementor-widget elementor-widget-text-editor\" data-id=\"fceb8be\" data-element_type=\"widget\" data-e-type=\"widget\" data-widget_type=\"text-editor.default\">\n\t\t\t\t<div class=\"elementor-widget-container\">\n\t\t\t\t\t\t\t\t\t<p>A presente Pol\u00edtica de Privacidade poder\u00e1 ser alterada a qualquer momento. Quaisquer altera\u00e7\u00f5es ser\u00e3o comunicadas aos participantes e respons\u00e1veis legais, atrav\u00e9s de e-mail.<\/p>\t\t\t\t\t\t\t\t<\/div>\n\t\t\t\t<\/div>\n\t\t\t\t<div class=\"elementor-element elementor-element-e3d7433 elementor-widget elementor-widget-heading\" data-id=\"e3d7433\" data-element_type=\"widget\" data-e-type=\"widget\" data-widget_type=\"heading.default\">\n\t\t\t\t<div class=\"elementor-widget-container\">\n\t\t\t\t\t<h2 class=\"elementor-heading-title elementor-size-default\">10. Contacto<\/h2>\t\t\t\t<\/div>\n\t\t\t\t<\/div>\n\t\t\t\t<div class=\"elementor-element elementor-element-0b3f6ae elementor-widget elementor-widget-text-editor\" data-id=\"0b3f6ae\" data-element_type=\"widget\" data-e-type=\"widget\" data-widget_type=\"text-editor.default\">\n\t\t\t\t<div class=\"elementor-widget-container\">\n\t\t\t\t\t\t\t\t\t<p>Caso tenha d\u00favidas ou quest\u00f5es sobre esta Pol\u00edtica de Privacidade ou sobre o tratamento dos seus dados pessoais, entre em contacto connosco atrav\u00e9s do seguinte:<\/p><ul><li><strong>E-mail:<\/strong> <strong><span style=\"color: #46d6cd;\"><a style=\"color: #46d6cd;\" href=\"mailto:epd@iseclisboa.pt\">epd@iseclisboa.pt<\/a><\/span><\/strong><\/li><li><strong>Telefone:<\/strong> +351 217 541 310\u00a0(custo de uma chamada para a rede fixa nacional).<\/li><\/ul>\t\t\t\t\t\t\t\t<\/div>\n\t\t\t\t<\/div>\n\t\t\t\t\t<\/div>\n\t\t<\/div>\n\t\t\t\t\t<\/div>\n\t\t<\/section>\n\t\t\t\t<\/div>\n\t\t","protected":false},"excerpt":{"rendered":"<p>pathfinder Pol\u00edtica de Privacidade A presente Pol\u00edtica de Privacidade tem como objectivo informar todos os titulares dos dados pessoais sobre a recolha, utiliza\u00e7\u00e3o e protec\u00e7\u00e3o de dados no \u00e2mbito do Projecto Pathfinder. O Projecto destina-se a alunos do 10.\u00ba, 11.\u00ba e 12.\u00ba anos e proporciona a oportunidade de vivenciar a experi\u00eancia de uma profiss\u00e3o, atrav\u00e9s de programas de 1 dia, 3 dias ou 1 semana. A pol\u00edtica abaixo descreve como os dados pessoais dos participantes s\u00e3o tratados. 1. Identifica\u00e7\u00e3o do Respons\u00e1vel pelo Tratamento dos Dados O REGULAMENTO (UE) 2016\/679 DO PARLAMENTO EUROPEU E DO CONSELHO de 27 de abril de 2016 (doravante designado como RGPD) entrou em vigor em 25 de maio de 2018, enfatizando a protec\u00e7\u00e3o das pessoas singulares relativamente ao tratamento de dados pessoais como um direito fundamental. O Regulamento tem como \u201cobjectivo contribuir para a realiza\u00e7\u00e3o de um espa\u00e7o de liberdade, de seguran\u00e7a, de justi\u00e7a e de uni\u00e3o, por forma a garantir o progresso econ\u00f3mico e social, tendo em aten\u00e7\u00e3o o bem-estar das pessoas singulares.\u201d; (considerando (2) do RGPD). \u201cTodas as pessoas t\u00eam direito \u00e0 protec\u00e7\u00e3o dos dados de car\u00e1cter pessoal que lhes digam respeito.\u201d; (considerando (1) do RGPD). A Universitas \u2013 Cooperativa de Ensino Superior e Investiga\u00e7\u00e3o Cient\u00edfica, CRL, entidade instituidora do ISEC Lisboa, est\u00e1 comprometida em garantir a privacidade dos dados pessoais recolhidos no \u00e2mbito do Projecto Pathfinder. 2. Dados Pessoais Recolhidos Os dados pessoais recolhidos ao longo do processo de inscri\u00e7\u00e3o e participa\u00e7\u00e3o no Projecto s\u00e3o os seguintes: Dados do(a) aluno(a) (menor de idade): Nome completo; E-mail; N\u00famero de telem\u00f3vel; Dados do(a) encarregado(a) de educa\u00e7\u00e3o (respons\u00e1vel legal): Nome completo; E-mail; N\u00famero de telem\u00f3vel; Dados dos contactos das empresas: Nome do respons\u00e1vel da empresa; E-mail de contacto; N\u00famero de telem\u00f3vel; Dados dos contactos das escolas: Nome do respons\u00e1vel escolar; E-mail de contacto; N\u00famero de telem\u00f3vel; 3. Finalidade da Recolha de Dados A recolha e tratamento dos dados pessoais t\u00eam como finalidades: Processar as inscri\u00e7\u00f5es no Projecto Pathfinder. Estabelecer contacto com os participantes e encarregados de educa\u00e7\u00e3o para o agendamento das experi\u00eancias de Job Shadowing. Garantir a organiza\u00e7\u00e3o log\u00edstica e a comunica\u00e7\u00e3o com as escolas e empresas envolvidas no Projecto. Cumprir com as obriga\u00e7\u00f5es legais aplic\u00e1veis. 4. Base Legal para o Tratamento dos Dados Os dados pessoais ser\u00e3o tratados da seguinte forma: Consentimento expresso dos encarregados de educa\u00e7\u00e3o para a recolha e tratamento dos dados dos educandos. Cumprimento de uma obriga\u00e7\u00e3o contratual, nomeadamente no que diz respeito \u00e0 organiza\u00e7\u00e3o e execu\u00e7\u00e3o do Projecto Pathfinder. Cumprimento de obriga\u00e7\u00f5es legais, sempre que necess\u00e1rio. 5. Partilha de Dados Pessoais Os dados pessoais recolhidos podem ser partilhados com: Empresas participantes no Projecto Pathfinder para a organiza\u00e7\u00e3o da experi\u00eancia. Escolas, para facilitar o processo de inscri\u00e7\u00e3o e garantir a execu\u00e7\u00e3o do programa. Autoridades competentes, quando exigido por lei ou por determina\u00e7\u00e3o judicial. 6. Armazenamento e Seguran\u00e7a dos Dados Os dados pessoais recolhidos podem ser partilhados com: Empresas participantes no Projecto Pathfinder para a organiza\u00e7\u00e3o da experi\u00eancia. Escolas, para facilitar o processo de inscri\u00e7\u00e3o e garantir a execu\u00e7\u00e3o do programa. Autoridades competentes, quando exigido por lei ou por determina\u00e7\u00e3o judicial. 7. Direitos dos Titulares dos Dados Os participantes e respons\u00e1veis legais t\u00eam o direito de: Aceder aos seus dados pessoais. Solicitar a rectifica\u00e7\u00e3o dos dados imprecisos ou incompletos. Solicitar a elimina\u00e7\u00e3o dos dados pessoais, desde que n\u00e3o haja fundamento jur\u00eddico para a sua conserva\u00e7\u00e3o. Solicitar a limita\u00e7\u00e3o do tratamento dos dados pessoais. Retirar o consentimento dado para o tratamento dos dados a qualquer momento, sem que isso afecte a licitude do tratamento realizado antes da retirada do consentimento. \u00a0 Para exercer qualquer um desses direitos, os participantes e respons\u00e1veis legais devem entrar em contacto com a entidade respons\u00e1vel atrav\u00e9s dos meios de contacto fornecidos no ponto 10. 8. Transfer\u00eancia de Dados para Fora da Uni\u00e3o Europeia Os dados pessoais n\u00e3o ser\u00e3o transferidos para fora da Uni\u00e3o Europeia, salvo se necess\u00e1rio para a execu\u00e7\u00e3o do programa e mediante a garantia de que s\u00e3o cumpridas todas as normas legais aplic\u00e1veis \u00e0 prote\u00e7\u00e3o de dados. 9. Altera\u00e7\u00f5es \u00e0 Pol\u00edtica de Privacidade A presente Pol\u00edtica de Privacidade poder\u00e1 ser alterada a qualquer momento. Quaisquer altera\u00e7\u00f5es ser\u00e3o comunicadas aos participantes e respons\u00e1veis legais, atrav\u00e9s de e-mail. 10. Contacto Caso tenha d\u00favidas ou quest\u00f5es sobre esta Pol\u00edtica de Privacidade ou sobre o tratamento dos seus dados pessoais, entre em contacto connosco atrav\u00e9s do seguinte: E-mail: epd@iseclisboa.pt Telefone: +351 217 541 310\u00a0(custo de uma chamada para a rede fixa nacional).<\/p>\n","protected":false},"author":2,"featured_media":0,"parent":0,"menu_order":0,"comment_status":"closed","ping_status":"closed","template":"elementor_canvas","meta":{"footnotes":""},"class_list":["post-3026","page","type-page","status-publish","hentry"],"_links":{"self":[{"href":"https:\/\/pathfinder.iseclisboa.pt\/index.php\/wp-json\/wp\/v2\/pages\/3026","targetHints":{"allow":["GET"]}}],"collection":[{"href":"https:\/\/pathfinder.iseclisboa.pt\/index.php\/wp-json\/wp\/v2\/pages"}],"about":[{"href":"https:\/\/pathfinder.iseclisboa.pt\/index.php\/wp-json\/wp\/v2\/types\/page"}],"author":[{"embeddable":true,"href":"https:\/\/pathfinder.iseclisboa.pt\/index.php\/wp-json\/wp\/v2\/users\/2"}],"replies":[{"embeddable":true,"href":"https:\/\/pathfinder.iseclisboa.pt\/index.php\/wp-json\/wp\/v2\/comments?post=3026"}],"version-history":[{"count":0,"href":"https:\/\/pathfinder.iseclisboa.pt\/index.php\/wp-json\/wp\/v2\/pages\/3026\/revisions"}],"wp:attachment":[{"href":"https:\/\/pathfinder.iseclisboa.pt\/index.php\/wp-json\/wp\/v2\/media?parent=3026"}],"curies":[{"name":"wp","href":"https:\/\/api.w.org\/{rel}","templated":true}]}}